{"id":75,"date":"2020-09-22T10:49:44","date_gmt":"2020-09-22T08:49:44","guid":{"rendered":"http:\/\/sylvieo.cluster029.hosting.ovh.net\/?page_id=75"},"modified":"2021-11-17T09:38:20","modified_gmt":"2021-11-17T08:38:20","slug":"a-propos-sylvie-dorsanne-accompagnement-pedagogique-dys-tdah","status":"publish","type":"page","link":"https:\/\/sylviedorsanne.fr\/index.php\/a-propos-sylvie-dorsanne-accompagnement-pedagogique-dys-tdah\/","title":{"rendered":"A propos de Sylvie Dorsanne"},"content":{"rendered":"<p>[et_pb_section fb_built=\u00a0\u00bb1&Prime; fullwidth=\u00a0\u00bbon\u00a0\u00bb _builder_version=\u00a0\u00bb4.6.2&Prime; _module_preset=\u00a0\u00bbdefault\u00a0\u00bb global_colors_info=\u00a0\u00bb{}\u00a0\u00bb][et_pb_fullwidth_header title=\u00a0\u00bbQui est Sylvie d&rsquo;Orsanne?\u00a0\u00bb text_orientation=\u00a0\u00bbcenter\u00a0\u00bb header_fullscreen=\u00a0\u00bbon\u00a0\u00bb header_scroll_down=\u00a0\u00bbon\u00a0\u00bb button_one_text=\u00a0\u00bbPrendre un rendez-vous\u00a0\u00bb button_one_url=\u00a0\u00bbhttps:\/\/sylviedorsanne.fr\/index.php\/rendez-vous-sylvie-dorsanne-accompagnement-pedagogique-dys-tdah\/\u00a0\u00bb _builder_version=\u00a0\u00bb4.6.2&Prime; _module_preset=\u00a0\u00bbdefault\u00a0\u00bb title_font_size=\u00a0\u00bb40px\u00a0\u00bb subhead_text_color=\u00a0\u00bb#000000&Prime; subhead_font_size=\u00a0\u00bb22px\u00a0\u00bb background_color=\u00a0\u00bb#e4966b\u00a0\u00bb background_image=\u00a0\u00bbhttps:\/\/sylviedorsanne.fr\/wp-content\/uploads\/2020\/09\/sylvie-dorsanne-pedagogie-dys-12.png\u00a0\u00bb parallax=\u00a0\u00bbon\u00a0\u00bb custom_button_one=\u00a0\u00bbon\u00a0\u00bb button_one_text_color=\u00a0\u00bb#e4966b\u00a0\u00bb button_one_bg_color=\u00a0\u00bb#ffffff\u00a0\u00bb button_one_font=\u00a0\u00bb|600|||||||\u00a0\u00bb button_one_icon=\u00a0\u00bb%%28%%\u00a0\u00bb button_one_icon_color=\u00a0\u00bb#e4966b\u00a0\u00bb button_one_icon_placement=\u00a0\u00bbleft\u00a0\u00bb custom_button_two=\u00a0\u00bbon\u00a0\u00bb button_two_text_color=\u00a0\u00bb#e4966b\u00a0\u00bb button_two_bg_color=\u00a0\u00bb#ffffff\u00a0\u00bb button_two_font=\u00a0\u00bb|600|||||||\u00a0\u00bb button_two_icon=\u00a0\u00bb%%150%%\u00a0\u00bb button_two_icon_placement=\u00a0\u00bbleft\u00a0\u00bb min_height=\u00a0\u00bb569px\u00a0\u00bb title_text_shadow_style=\u00a0\u00bbpreset1&Prime; content_text_shadow_style=\u00a0\u00bbpreset1&Prime; subhead_text_shadow_style=\u00a0\u00bbpreset1&Prime; box_shadow_style_button_one=\u00a0\u00bbpreset1&Prime; box_shadow_style_button_two=\u00a0\u00bbpreset1&Prime; text_shadow_style=\u00a0\u00bbpreset1&Prime; global_colors_info=\u00a0\u00bb{}\u00a0\u00bb]<\/p>\n<p><span style=\"color: #000000;\">Je vais prendre quelques minutes pour me pr\u00e9senter<\/span><\/p>\n<p>[\/et_pb_fullwidth_header][\/et_pb_section][et_pb_section fb_built=\u00a0\u00bb1&Prime; _builder_version=\u00a0\u00bb4.6.2&Prime; _module_preset=\u00a0\u00bbdefault\u00a0\u00bb min_height=\u00a0\u00bb1079px\u00a0\u00bb global_colors_info=\u00a0\u00bb{}\u00a0\u00bb][et_pb_row column_structure=\u00a0\u00bb3_4,1_4&Prime; _builder_version=\u00a0\u00bb4.6.2&Prime; _module_preset=\u00a0\u00bbdefault\u00a0\u00bb global_colors_info=\u00a0\u00bb{}\u00a0\u00bb][et_pb_column type=\u00a0\u00bb3_4&Prime; _builder_version=\u00a0\u00bb4.6.2&Prime; _module_preset=\u00a0\u00bbdefault\u00a0\u00bb global_colors_info=\u00a0\u00bb{}\u00a0\u00bb][et_pb_text _builder_version=\u00a0\u00bb4.6.2&Prime; _module_preset=\u00a0\u00bbdefault\u00a0\u00bb text_line_height=\u00a0\u00bb2.4em\u00a0\u00bb global_colors_info=\u00a0\u00bb{}\u00a0\u00bb]<\/p>\n<p><span style=\"font-size: x-large;\">Chers parents,<\/span><\/p>\n<p style=\"text-align: justify;\"><span style=\"font-size: large;\"><strong>Je suis Sylvie d\u2019Orsanne<\/strong>. Je suis orthop\u00e9dagogue. J&rsquo;accompagne les enfants et les adolescents avec des troubles dys et TDAH \u00e0 avoir plus confiance en eux, \u00e0 trouver leurs propres strat\u00e9gies d&rsquo;apprentissage et \u00e0 gagner en autonomie.<\/span><\/p>\n<p style=\"text-align: justify;\"><span style=\"font-size: large;\">Longtemps, j\u2019ai \u00e9t\u00e9 responsable d\u2019un laboratoire de chimie pour un grand groupe am\u00e9ricain. Mais mon <strong>d\u00e9sir d\u2019altruisme<\/strong> ne pouvait \u00eatre assouvi entre les fioles et les \u00e9prouvettes ! Alors, je suis devenue formatrice en math\u00e9matiques et en sciences en centre professionnel pour les <strong>personnes en d\u00e9crochage scolaire et sans dipl\u00f4mes<\/strong>.<\/span><\/p>\n<p style=\"text-align: justify;\"><span style=\"font-size: large;\">Je me suis aper\u00e7ue que de nombreux ados\/adultes n\u2019avaient pas \u00e9t\u00e9 diagnostiqu\u00e9s et qu\u2019aucune aide n\u2019avait \u00e9t\u00e9 mise en place. Heureusement, ce centre m\u2019a permis de faire des cours diff\u00e9rents, de la rem\u00e9diation\u2026afin de les accompagner \u00e0 obtenir un dipl\u00f4me.<\/span><\/p>\n<p>[\/et_pb_text][\/et_pb_column][et_pb_column type=\u00a0\u00bb1_4&Prime; _builder_version=\u00a0\u00bb4.6.2&Prime; _module_preset=\u00a0\u00bbdefault\u00a0\u00bb global_colors_info=\u00a0\u00bb{}\u00a0\u00bb][et_pb_image src=\u00a0\u00bbhttps:\/\/sylviedorsanne.fr\/wp-content\/uploads\/2020\/09\/sylvie-dorsanne-4.png\u00a0\u00bb alt=\u00a0\u00bbsylvie dorsanne\u00a0\u00bb title_text=\u00a0\u00bbsylvie dorsanne (4)\u00a0\u00bb _builder_version=\u00a0\u00bb4.6.2&Prime; _module_preset=\u00a0\u00bbdefault\u00a0\u00bb global_colors_info=\u00a0\u00bb{}\u00a0\u00bb][\/et_pb_image][\/et_pb_column][\/et_pb_row][et_pb_row column_structure=\u00a0\u00bb1_2,1_2&Prime; _builder_version=\u00a0\u00bb4.6.2&Prime; _module_preset=\u00a0\u00bbdefault\u00a0\u00bb custom_margin=\u00a0\u00bb|auto|-216px|auto||\u00a0\u00bb custom_padding=\u00a0\u00bb||164px|||\u00a0\u00bb global_colors_info=\u00a0\u00bb{}\u00a0\u00bb][et_pb_column type=\u00a0\u00bb1_2&Prime; _builder_version=\u00a0\u00bb4.6.2&Prime; _module_preset=\u00a0\u00bbdefault\u00a0\u00bb global_colors_info=\u00a0\u00bb{}\u00a0\u00bb][et_pb_image src=\u00a0\u00bbhttps:\/\/sylviedorsanne.fr\/wp-content\/uploads\/2020\/09\/sylvie-dorsanne-2.png\u00a0\u00bb alt=\u00a0\u00bbsylvie dorsanne\u00a0\u00bb title_text=\u00a0\u00bbsylvie dorsanne (2)\u00a0\u00bb _builder_version=\u00a0\u00bb4.6.2&Prime; _module_preset=\u00a0\u00bbdefault\u00a0\u00bb global_colors_info=\u00a0\u00bb{}\u00a0\u00bb][\/et_pb_image][\/et_pb_column][et_pb_column type=\u00a0\u00bb1_2&Prime; _builder_version=\u00a0\u00bb4.6.2&Prime; _module_preset=\u00a0\u00bbdefault\u00a0\u00bb global_colors_info=\u00a0\u00bb{}\u00a0\u00bb][et_pb_text _builder_version=\u00a0\u00bb4.6.2&Prime; _module_preset=\u00a0\u00bbdefault\u00a0\u00bb text_line_height=\u00a0\u00bb2.4em\u00a0\u00bb global_colors_info=\u00a0\u00bb{}\u00a0\u00bb]<\/p>\n<p style=\"text-align: justify;\"><span style=\"font-size: large;\">En parall\u00e8le, mon fils \u00e9tait en CP. Et malgr\u00e9 tous ses efforts et les n\u00f4tres, il ne rentrait pas dans la lecture ni dans l\u2019\u00e9criture. Ne trouvant aucune r\u00e9ponse \u00e0 mon \u00ab\u00a0pourquoi\u00a0\u00bb, j\u2019ai alors d\u00e9cid\u00e9 de lui faire passer des tests. <strong>Le diagnostic est tomb\u00e9<\/strong>\u00a0: il avait (et il a toujours) une dyspraxie visuo-spatiale, une dysgraphie (et d&rsquo;autres dys) avec un TDA\/H.<\/span><\/p>\n<p style=\"text-align: justify;\"><span style=\"color: #e4966b; font-size: x-large;\"><strong>Quelle claque\u00a0! Pourquoi mon enfant\u00a0?<\/strong><\/span><\/p>\n<p style=\"text-align: justify;\"><span style=\"font-size: large;\">Je me suis sentie perdue au d\u00e9but, mais aussi <strong>angoiss\u00e9e pour son avenir<\/strong> \u00a0en esp\u00e9rant secr\u00e8tement qu\u2019il puisse, un jour, simplement vivre comme tout le monde.<\/span><\/p>\n<p style=\"text-align: justify;\"><span style=\"font-size: large;\">Bien s\u00fbr, mon fils a \u00e9t\u00e9 suivi par de nombreux sp\u00e9cialistes\u00a0: ergoth\u00e9rapeute, orthoptiste, orthophoniste, psychomotricienne, neuropsychologue, psychoth\u00e9rapeute.<\/span><br \/><span style=\"font-size: large;\"> Mais malgr\u00e9 toutes ces prises en charge, les r\u00e9sultats n\u2019\u00e9taient pas l\u00e0 et sa confiance en lui s\u2019effondrait. Il <strong>manquait un maillon<\/strong> entre les enseignants et les th\u00e9rapeutes qui n\u2019\u00e9taient pas l\u00e0 pour r\u00e9gler les probl\u00e8mes scolaires.<\/span><\/p>\n<p>[\/et_pb_text][\/et_pb_column][\/et_pb_row][et_pb_row _builder_version=\u00a0\u00bb4.6.2&Prime; _module_preset=\u00a0\u00bbdefault\u00a0\u00bb background_color=\u00a0\u00bbrgba(0,0,0,0)\u00a0\u00bb min_height=\u00a0\u00bb228px\u00a0\u00bb global_colors_info=\u00a0\u00bb{}\u00a0\u00bb][et_pb_column type=\u00a0\u00bb4_4&Prime; _builder_version=\u00a0\u00bb4.6.2&Prime; _module_preset=\u00a0\u00bbdefault\u00a0\u00bb global_colors_info=\u00a0\u00bb{}\u00a0\u00bb][et_pb_text quote_border_color=\u00a0\u00bb#e4966b\u00a0\u00bb _builder_version=\u00a0\u00bb4.6.2&Prime; _module_preset=\u00a0\u00bbdefault\u00a0\u00bb text_line_height=\u00a0\u00bb2.4em\u00a0\u00bb quote_text_color=\u00a0\u00bb#e4966b\u00a0\u00bb background_color=\u00a0\u00bbrgba(0,0,0,0)\u00a0\u00bb global_colors_info=\u00a0\u00bb{}\u00a0\u00bb]<\/p>\n<p>&nbsp;<\/p>\n<table width=\"656\">\n<tbody>\n<tr>\n<td width=\"656\">\n<blockquote>\n<p style=\"text-align: center;\"><span style=\"font-size: x-large;\"><strong><span style=\"color: #e4966b;\">\u00ab\u00a0Lorsque tout semble aller contre vous, souvenez-vous<br \/> que les avions d\u00e9collent toujours face au vent.\u00a0\u00bb<\/span><\/strong><\/span><\/p>\n<p style=\"text-align: center;\"><span color=\"#e4966b\" size=\"4\" style=\"color: #e4966b; font-size: large;\">Henry Ford<\/span><\/p>\n<\/blockquote>\n<\/td>\n<\/tr>\n<\/tbody>\n<\/table>\n<p>&nbsp;<\/p>\n<p>[\/et_pb_text][\/et_pb_column][\/et_pb_row][\/et_pb_section][et_pb_section fb_built=\u00a0\u00bb1&Prime; _builder_version=\u00a0\u00bb4.6.2&Prime; _module_preset=\u00a0\u00bbdefault\u00a0\u00bb custom_margin=\u00a0\u00bb-143px|||||\u00a0\u00bb global_colors_info=\u00a0\u00bb{}\u00a0\u00bb][et_pb_row column_structure=\u00a0\u00bb2_3,1_3&Prime; _builder_version=\u00a0\u00bb4.6.2&Prime; _module_preset=\u00a0\u00bbdefault\u00a0\u00bb global_colors_info=\u00a0\u00bb{}\u00a0\u00bb][et_pb_column type=\u00a0\u00bb2_3&Prime; _builder_version=\u00a0\u00bb4.6.2&Prime; _module_preset=\u00a0\u00bbdefault\u00a0\u00bb global_colors_info=\u00a0\u00bb{}\u00a0\u00bb][et_pb_text _builder_version=\u00a0\u00bb4.6.2&Prime; _module_preset=\u00a0\u00bbdefault\u00a0\u00bb text_line_height=\u00a0\u00bb2.4em\u00a0\u00bb global_colors_info=\u00a0\u00bb{}\u00a0\u00bb]<\/p>\n<p style=\"text-align: justify;\"><span style=\"font-size: large;\">Pendant des ann\u00e9es, j&rsquo;ai cherch\u00e9 des solutions dans des conf\u00e9rences, des formations&#8230;et forte de cette exp\u00e9rience, j&rsquo;ai voulu accompagner d&rsquo;autres enfants pour que leurs parents ne perdent pas autant de temps que moi. J&rsquo;ai d\u00e9cid\u00e9 de changer de m\u00e9tier et de devenir orthop\u00e9dagogue, une approche issue des derni\u00e8res d\u00e9couvertes scientifiques des neurosciences, de la psychologie positive, de la rem\u00e9diation cognitive&#8230;<\/span><\/p>\n<p>[\/et_pb_text][\/et_pb_column][et_pb_column type=\u00a0\u00bb1_3&Prime; _builder_version=\u00a0\u00bb4.6.2&Prime; _module_preset=\u00a0\u00bbdefault\u00a0\u00bb global_colors_info=\u00a0\u00bb{}\u00a0\u00bb][et_pb_image src=\u00a0\u00bbhttps:\/\/sylviedorsanne.fr\/wp-content\/uploads\/2020\/09\/sylvie-dorsanne-1.png\u00a0\u00bb alt=\u00a0\u00bbsylvie dorsanne\u00a0\u00bb title_text=\u00a0\u00bbsylvie dorsanne (1)\u00a0\u00bb _builder_version=\u00a0\u00bb4.6.2&Prime; _module_preset=\u00a0\u00bbdefault\u00a0\u00bb global_colors_info=\u00a0\u00bb{}\u00a0\u00bb][\/et_pb_image][\/et_pb_column][\/et_pb_row][\/et_pb_section][et_pb_section fb_built=\u00a0\u00bb1&Prime; _builder_version=\u00a0\u00bb4.6.2&Prime; _module_preset=\u00a0\u00bbdefault\u00a0\u00bb custom_margin=\u00a0\u00bb||-78px|||\u00a0\u00bb custom_padding=\u00a0\u00bb||0px|||\u00a0\u00bb global_colors_info=\u00a0\u00bb{}\u00a0\u00bb][et_pb_row column_structure=\u00a0\u00bb1_3,2_3&Prime; _builder_version=\u00a0\u00bb4.6.2&Prime; _module_preset=\u00a0\u00bbdefault\u00a0\u00bb min_height=\u00a0\u00bb386px\u00a0\u00bb global_colors_info=\u00a0\u00bb{}\u00a0\u00bb][et_pb_column type=\u00a0\u00bb1_3&Prime; _builder_version=\u00a0\u00bb4.6.2&Prime; _module_preset=\u00a0\u00bbdefault\u00a0\u00bb global_colors_info=\u00a0\u00bb{}\u00a0\u00bb][et_pb_image src=\u00a0\u00bbhttps:\/\/sylviedorsanne.fr\/wp-content\/uploads\/2020\/09\/sylvie-dorsanne-3.png\u00a0\u00bb alt=\u00a0\u00bbsylvie dorsanne\u00a0\u00bb title_text=\u00a0\u00bbsylvie dorsanne (3)\u00a0\u00bb _builder_version=\u00a0\u00bb4.6.2&Prime; _module_preset=\u00a0\u00bbdefault\u00a0\u00bb global_colors_info=\u00a0\u00bb{}\u00a0\u00bb][\/et_pb_image][\/et_pb_column][et_pb_column type=\u00a0\u00bb2_3&Prime; _builder_version=\u00a0\u00bb4.6.2&Prime; _module_preset=\u00a0\u00bbdefault\u00a0\u00bb global_colors_info=\u00a0\u00bb{}\u00a0\u00bb][et_pb_text _builder_version=\u00a0\u00bb4.6.2&Prime; _module_preset=\u00a0\u00bbdefault\u00a0\u00bb text_line_height=\u00a0\u00bb2.4em\u00a0\u00bb custom_margin=\u00a0\u00bb||140px|||\u00a0\u00bb global_colors_info=\u00a0\u00bb{}\u00a0\u00bb]<\/p>\n<p style=\"text-align: justify;\"><span style=\"font-size: large;\">Aujourd&rsquo;hui, je suis heureuse d&rsquo;avoir accompagner mes enfants (oui ma fille est aussi dys) dans une <strong>scolarit\u00e9 ordinaire<\/strong> \ud83e\udd70 ainsi que d\u2019autres enfants &#8230;dont une jeune fille atteinte de TDAH (dont je suis particuli\u00e8rement fi\u00e8re) qui avait d\u2019\u00e9normes difficult\u00e9s \u00e0 se concentrer sur ses devoirs en math\u00e9matiques et qui aujourd\u2019hui se retrouve en \u00e9tudes sup\u00e9rieures.<\/p>\n<p><\/span><\/p>\n<p style=\"text-align: justify;\"><span style=\"font-size: large;\">Aujourd\u2019hui, je suis anim\u00e9e par<strong> le d\u00e9sir d\u2019accompagner d\u2019autres enfants <\/strong>avec des troubles dys et\/ou TDAH ainsi que <strong>leurs parents.<\/strong><\/span><\/p>\n<p>[\/et_pb_text][\/et_pb_column][\/et_pb_row][et_pb_row column_structure=\u00a0\u00bb2_3,1_3&Prime; _builder_version=\u00a0\u00bb4.6.2&Prime; _module_preset=\u00a0\u00bbdefault\u00a0\u00bb min_height=\u00a0\u00bb426px\u00a0\u00bb global_colors_info=\u00a0\u00bb{}\u00a0\u00bb][et_pb_column type=\u00a0\u00bb2_3&Prime; _builder_version=\u00a0\u00bb4.6.2&Prime; _module_preset=\u00a0\u00bbdefault\u00a0\u00bb global_colors_info=\u00a0\u00bb{}\u00a0\u00bb][et_pb_text _builder_version=\u00a0\u00bb4.6.2&Prime; _module_preset=\u00a0\u00bbdefault\u00a0\u00bb text_line_height=\u00a0\u00bb2.4em\u00a0\u00bb global_colors_info=\u00a0\u00bb{}\u00a0\u00bb]<\/p>\n<p><span style=\"font-size: large;\"><strong>Je suis <span color=\"#e4966b\" style=\"color: #e4966b;\">ICI\u00a0<\/span><\/strong>pour vous apporter <strong>une solution personnalis\u00e9e.<\/strong> Je suis \u00e0 l\u2019\u00e9coute des besoins de votre enfant. Je vous propose d\u2019utiliser ses forces pour mettre en place <strong>des strat\u00e9gies efficaces<\/strong> pour lui.<\/span><\/p>\n<p><span style=\"font-size: large;\"><strong>+ confiance en soi<\/strong><\/span><\/p>\n<p><span style=\"font-size: large;\"><strong>+ autonomie<\/strong><\/span><\/p>\n<p><span style=\"font-size: large;\"><strong>+plaisir d\u2019apprendre<\/strong><\/span><\/p>\n<p>[\/et_pb_text][\/et_pb_column][et_pb_column type=\u00a0\u00bb1_3&Prime; _builder_version=\u00a0\u00bb4.6.2&Prime; _module_preset=\u00a0\u00bbdefault\u00a0\u00bb global_colors_info=\u00a0\u00bb{}\u00a0\u00bb][et_pb_image src=\u00a0\u00bbhttps:\/\/sylviedorsanne.fr\/wp-content\/uploads\/2020\/09\/sylvie-dorsanne-5.png\u00a0\u00bb alt=\u00a0\u00bbsylvie dorsanne\u00a0\u00bb title_text=\u00a0\u00bbsylvie dorsanne (5)\u00a0\u00bb _builder_version=\u00a0\u00bb4.6.2&Prime; _module_preset=\u00a0\u00bbdefault\u00a0\u00bb global_colors_info=\u00a0\u00bb{}\u00a0\u00bb][\/et_pb_image][\/et_pb_column][\/et_pb_row][\/et_pb_section][et_pb_section fb_built=\u00a0\u00bb1&Prime; _builder_version=\u00a0\u00bb4.6.2&Prime; _module_preset=\u00a0\u00bbdefault\u00a0\u00bb background_color=\u00a0\u00bb#e4966b\u00a0\u00bb min_height=\u00a0\u00bb59px\u00a0\u00bb custom_margin=\u00a0\u00bb-28px||4px|||\u00a0\u00bb custom_padding=\u00a0\u00bb0px||0px|||\u00a0\u00bb global_colors_info=\u00a0\u00bb{}\u00a0\u00bb][et_pb_row _builder_version=\u00a0\u00bb4.6.2&Prime; _module_preset=\u00a0\u00bbdefault\u00a0\u00bb background_color=\u00a0\u00bb#e4966b\u00a0\u00bb custom_margin=\u00a0\u00bb28px|73px||94px||\u00a0\u00bb global_colors_info=\u00a0\u00bb{}\u00a0\u00bb][et_pb_column type=\u00a0\u00bb4_4&Prime; _builder_version=\u00a0\u00bb4.6.2&Prime; _module_preset=\u00a0\u00bbdefault\u00a0\u00bb global_colors_info=\u00a0\u00bb{}\u00a0\u00bb][et_pb_text quote_border_color=\u00a0\u00bb#ffffff\u00a0\u00bb _builder_version=\u00a0\u00bb4.6.2&Prime; _module_preset=\u00a0\u00bbdefault\u00a0\u00bb quote_text_color=\u00a0\u00bb#ffffff\u00a0\u00bb background_enable_color=\u00a0\u00bboff\u00a0\u00bb width=\u00a0\u00bb100%\u00a0\u00bb custom_margin=\u00a0\u00bb|-62px||1px||\u00a0\u00bb global_colors_info=\u00a0\u00bb{}\u00a0\u00bb]<\/p>\n<blockquote>\n<p style=\"text-align: center;\"><span style=\"font-size: large;\"><strong>\u00ab\u00a0Les grandes r\u00e9ussites sont le fruit de l&rsquo;apprentissage durable. Apprenez \u00e0 apprendre chaque jour.\u00a0\u00bb<\/strong><\/span><\/p>\n<p style=\"text-align: center;\"><span><strong><\/strong><\/span><\/p>\n<p style=\"text-align: center;\"><span><strong><\/strong><\/span><\/p>\n<p style=\"text-align: center;\"><strong><span style=\"color: #000000;\">Azzeddine Aissaoui<\/span><\/strong><\/p>\n<\/blockquote>\n<p style=\"text-align: center;\">\n<p>[\/et_pb_text][\/et_pb_column][\/et_pb_row][\/et_pb_section]<\/p>\n","protected":false},"excerpt":{"rendered":"<p>Je vais prendre quelques minutes pour me pr\u00e9senterChers parents, Je suis Sylvie d\u2019Orsanne. Je suis orthop\u00e9dagogue. J&rsquo;accompagne les enfants et les adolescents avec des troubles dys et TDAH \u00e0 avoir plus confiance en eux, \u00e0 trouver leurs propres strat\u00e9gies d&rsquo;apprentissage et \u00e0 gagner en autonomie. Longtemps, j\u2019ai \u00e9t\u00e9 responsable d\u2019un laboratoire de chimie pour un [&hellip;]<\/p>\n","protected":false},"author":2,"featured_media":0,"parent":0,"menu_order":0,"comment_status":"closed","ping_status":"closed","template":"","meta":{"_et_pb_use_builder":"on","_et_pb_old_content":"","_et_gb_content_width":""},"yoast_head":"<!-- This site is optimized with the Yoast SEO plugin v20.5 - https:\/\/yoast.com\/wordpress\/plugins\/seo\/ -->\n<title>A propos de Sylvie Dorsanne - sylvie dorsanne<\/title>\n<meta name=\"robots\" content=\"index, follow, max-snippet:-1, max-image-preview:large, max-video-preview:-1\" \/>\n<link rel=\"canonical\" href=\"https:\/\/sylviedorsanne.fr\/index.php\/a-propos-sylvie-dorsanne-accompagnement-pedagogique-dys-tdah\/\" \/>\n<meta property=\"og:locale\" content=\"fr_FR\" \/>\n<meta property=\"og:type\" content=\"article\" \/>\n<meta property=\"og:title\" content=\"A propos de Sylvie Dorsanne - sylvie dorsanne\" \/>\n<meta property=\"og:description\" content=\"Je vais prendre quelques minutes pour me pr\u00e9senterChers parents, Je suis Sylvie d\u2019Orsanne. Je suis orthop\u00e9dagogue. J&#039;accompagne les enfants et les adolescents avec des troubles dys et TDAH \u00e0 avoir plus confiance en eux, \u00e0 trouver leurs propres strat\u00e9gies d&#039;apprentissage et \u00e0 gagner en autonomie. Longtemps, j\u2019ai \u00e9t\u00e9 responsable d\u2019un laboratoire de chimie pour un [&hellip;]\" \/>\n<meta property=\"og:url\" content=\"https:\/\/sylviedorsanne.fr\/index.php\/a-propos-sylvie-dorsanne-accompagnement-pedagogique-dys-tdah\/\" \/>\n<meta property=\"og:site_name\" content=\"sylvie dorsanne\" \/>\n<meta property=\"article:modified_time\" content=\"2021-11-17T08:38:20+00:00\" \/>\n<meta name=\"twitter:card\" content=\"summary_large_image\" \/>\n<meta name=\"twitter:label1\" content=\"Dur\u00e9e de lecture estim\u00e9e\" \/>\n\t<meta name=\"twitter:data1\" content=\"7 minutes\" \/>\n<script type=\"application\/ld+json\" class=\"yoast-schema-graph\">{\"@context\":\"https:\/\/schema.org\",\"@graph\":[{\"@type\":\"WebPage\",\"@id\":\"https:\/\/sylviedorsanne.fr\/index.php\/a-propos-sylvie-dorsanne-accompagnement-pedagogique-dys-tdah\/\",\"url\":\"https:\/\/sylviedorsanne.fr\/index.php\/a-propos-sylvie-dorsanne-accompagnement-pedagogique-dys-tdah\/\",\"name\":\"A propos de Sylvie Dorsanne - sylvie dorsanne\",\"isPartOf\":{\"@id\":\"https:\/\/sylviedorsanne.fr\/#website\"},\"datePublished\":\"2020-09-22T08:49:44+00:00\",\"dateModified\":\"2021-11-17T08:38:20+00:00\",\"breadcrumb\":{\"@id\":\"https:\/\/sylviedorsanne.fr\/index.php\/a-propos-sylvie-dorsanne-accompagnement-pedagogique-dys-tdah\/#breadcrumb\"},\"inLanguage\":\"fr-FR\",\"potentialAction\":[{\"@type\":\"ReadAction\",\"target\":[\"https:\/\/sylviedorsanne.fr\/index.php\/a-propos-sylvie-dorsanne-accompagnement-pedagogique-dys-tdah\/\"]}]},{\"@type\":\"BreadcrumbList\",\"@id\":\"https:\/\/sylviedorsanne.fr\/index.php\/a-propos-sylvie-dorsanne-accompagnement-pedagogique-dys-tdah\/#breadcrumb\",\"itemListElement\":[{\"@type\":\"ListItem\",\"position\":1,\"name\":\"Accueil\",\"item\":\"https:\/\/sylviedorsanne.fr\/\"},{\"@type\":\"ListItem\",\"position\":2,\"name\":\"A propos de Sylvie Dorsanne\"}]},{\"@type\":\"WebSite\",\"@id\":\"https:\/\/sylviedorsanne.fr\/#website\",\"url\":\"https:\/\/sylviedorsanne.fr\/\",\"name\":\"sylvie dorsanne\",\"description\":\"Accompagnement p\u00e9dagogique dys TDAH\",\"publisher\":{\"@id\":\"https:\/\/sylviedorsanne.fr\/#\/schema\/person\/f01c4f21dbfabeb774e55eb6bbeaa0fd\"},\"potentialAction\":[{\"@type\":\"SearchAction\",\"target\":{\"@type\":\"EntryPoint\",\"urlTemplate\":\"https:\/\/sylviedorsanne.fr\/?s={search_term_string}\"},\"query-input\":\"required name=search_term_string\"}],\"inLanguage\":\"fr-FR\"},{\"@type\":[\"Person\",\"Organization\"],\"@id\":\"https:\/\/sylviedorsanne.fr\/#\/schema\/person\/f01c4f21dbfabeb774e55eb6bbeaa0fd\",\"name\":\"Sylvie Dorsanne\",\"image\":{\"@type\":\"ImageObject\",\"inLanguage\":\"fr-FR\",\"@id\":\"https:\/\/sylviedorsanne.fr\/#\/schema\/person\/image\/\",\"url\":\"https:\/\/sylviedorsanne.fr\/wp-content\/uploads\/2023\/04\/Sylvie-dOrsanne.png\",\"contentUrl\":\"https:\/\/sylviedorsanne.fr\/wp-content\/uploads\/2023\/04\/Sylvie-dOrsanne.png\",\"width\":1500,\"height\":1500,\"caption\":\"Sylvie Dorsanne\"},\"logo\":{\"@id\":\"https:\/\/sylviedorsanne.fr\/#\/schema\/person\/image\/\"},\"sameAs\":[\"https:\/\/sylviedorsanne.fr\"]}]}<\/script>\n<!-- \/ Yoast SEO plugin. -->","yoast_head_json":{"title":"A propos de Sylvie Dorsanne - sylvie dorsanne","robots":{"index":"index","follow":"follow","max-snippet":"max-snippet:-1","max-image-preview":"max-image-preview:large","max-video-preview":"max-video-preview:-1"},"canonical":"https:\/\/sylviedorsanne.fr\/index.php\/a-propos-sylvie-dorsanne-accompagnement-pedagogique-dys-tdah\/","og_locale":"fr_FR","og_type":"article","og_title":"A propos de Sylvie Dorsanne - sylvie dorsanne","og_description":"Je vais prendre quelques minutes pour me pr\u00e9senterChers parents, Je suis Sylvie d\u2019Orsanne. Je suis orthop\u00e9dagogue. J'accompagne les enfants et les adolescents avec des troubles dys et TDAH \u00e0 avoir plus confiance en eux, \u00e0 trouver leurs propres strat\u00e9gies d'apprentissage et \u00e0 gagner en autonomie. Longtemps, j\u2019ai \u00e9t\u00e9 responsable d\u2019un laboratoire de chimie pour un [&hellip;]","og_url":"https:\/\/sylviedorsanne.fr\/index.php\/a-propos-sylvie-dorsanne-accompagnement-pedagogique-dys-tdah\/","og_site_name":"sylvie dorsanne","article_modified_time":"2021-11-17T08:38:20+00:00","twitter_card":"summary_large_image","twitter_misc":{"Dur\u00e9e de lecture estim\u00e9e":"7 minutes"},"schema":{"@context":"https:\/\/schema.org","@graph":[{"@type":"WebPage","@id":"https:\/\/sylviedorsanne.fr\/index.php\/a-propos-sylvie-dorsanne-accompagnement-pedagogique-dys-tdah\/","url":"https:\/\/sylviedorsanne.fr\/index.php\/a-propos-sylvie-dorsanne-accompagnement-pedagogique-dys-tdah\/","name":"A propos de Sylvie Dorsanne - sylvie dorsanne","isPartOf":{"@id":"https:\/\/sylviedorsanne.fr\/#website"},"datePublished":"2020-09-22T08:49:44+00:00","dateModified":"2021-11-17T08:38:20+00:00","breadcrumb":{"@id":"https:\/\/sylviedorsanne.fr\/index.php\/a-propos-sylvie-dorsanne-accompagnement-pedagogique-dys-tdah\/#breadcrumb"},"inLanguage":"fr-FR","potentialAction":[{"@type":"ReadAction","target":["https:\/\/sylviedorsanne.fr\/index.php\/a-propos-sylvie-dorsanne-accompagnement-pedagogique-dys-tdah\/"]}]},{"@type":"BreadcrumbList","@id":"https:\/\/sylviedorsanne.fr\/index.php\/a-propos-sylvie-dorsanne-accompagnement-pedagogique-dys-tdah\/#breadcrumb","itemListElement":[{"@type":"ListItem","position":1,"name":"Accueil","item":"https:\/\/sylviedorsanne.fr\/"},{"@type":"ListItem","position":2,"name":"A propos de Sylvie Dorsanne"}]},{"@type":"WebSite","@id":"https:\/\/sylviedorsanne.fr\/#website","url":"https:\/\/sylviedorsanne.fr\/","name":"sylvie dorsanne","description":"Accompagnement p\u00e9dagogique dys TDAH","publisher":{"@id":"https:\/\/sylviedorsanne.fr\/#\/schema\/person\/f01c4f21dbfabeb774e55eb6bbeaa0fd"},"potentialAction":[{"@type":"SearchAction","target":{"@type":"EntryPoint","urlTemplate":"https:\/\/sylviedorsanne.fr\/?s={search_term_string}"},"query-input":"required name=search_term_string"}],"inLanguage":"fr-FR"},{"@type":["Person","Organization"],"@id":"https:\/\/sylviedorsanne.fr\/#\/schema\/person\/f01c4f21dbfabeb774e55eb6bbeaa0fd","name":"Sylvie Dorsanne","image":{"@type":"ImageObject","inLanguage":"fr-FR","@id":"https:\/\/sylviedorsanne.fr\/#\/schema\/person\/image\/","url":"https:\/\/sylviedorsanne.fr\/wp-content\/uploads\/2023\/04\/Sylvie-dOrsanne.png","contentUrl":"https:\/\/sylviedorsanne.fr\/wp-content\/uploads\/2023\/04\/Sylvie-dOrsanne.png","width":1500,"height":1500,"caption":"Sylvie Dorsanne"},"logo":{"@id":"https:\/\/sylviedorsanne.fr\/#\/schema\/person\/image\/"},"sameAs":["https:\/\/sylviedorsanne.fr"]}]}},"_links":{"self":[{"href":"https:\/\/sylviedorsanne.fr\/index.php\/wp-json\/wp\/v2\/pages\/75"}],"collection":[{"href":"https:\/\/sylviedorsanne.fr\/index.php\/wp-json\/wp\/v2\/pages"}],"about":[{"href":"https:\/\/sylviedorsanne.fr\/index.php\/wp-json\/wp\/v2\/types\/page"}],"author":[{"embeddable":true,"href":"https:\/\/sylviedorsanne.fr\/index.php\/wp-json\/wp\/v2\/users\/2"}],"replies":[{"embeddable":true,"href":"https:\/\/sylviedorsanne.fr\/index.php\/wp-json\/wp\/v2\/comments?post=75"}],"version-history":[{"count":44,"href":"https:\/\/sylviedorsanne.fr\/index.php\/wp-json\/wp\/v2\/pages\/75\/revisions"}],"predecessor-version":[{"id":939,"href":"https:\/\/sylviedorsanne.fr\/index.php\/wp-json\/wp\/v2\/pages\/75\/revisions\/939"}],"wp:attachment":[{"href":"https:\/\/sylviedorsanne.fr\/index.php\/wp-json\/wp\/v2\/media?parent=75"}],"curies":[{"name":"wp","href":"https:\/\/api.w.org\/{rel}","templated":true}]}}