{"id":83,"date":"2020-09-22T10:55:13","date_gmt":"2020-09-22T08:55:13","guid":{"rendered":"http:\/\/sylvieo.cluster029.hosting.ovh.net\/?page_id=83"},"modified":"2023-02-03T13:31:40","modified_gmt":"2023-02-03T12:31:40","slug":"cgv","status":"publish","type":"page","link":"https:\/\/sylviedorsanne.fr\/index.php\/cgv\/","title":{"rendered":"CGV"},"content":{"rendered":"<p>[et_pb_section fb_built=\u00a0\u00bb1&Prime; _builder_version=\u00a0\u00bb4.6.2&Prime; _module_preset=\u00a0\u00bbdefault\u00a0\u00bb global_colors_info=\u00a0\u00bb{}\u00a0\u00bb][et_pb_row _builder_version=\u00a0\u00bb4.11.3&Prime; _module_preset=\u00a0\u00bbdefault\u00a0\u00bb][et_pb_column _builder_version=\u00a0\u00bb4.11.3&Prime; _module_preset=\u00a0\u00bbdefault\u00a0\u00bb type=\u00a0\u00bb4_4&Prime;][et_pb_text _builder_version=\u00a0\u00bb4.11.3&Prime; _module_preset=\u00a0\u00bbdefault\u00a0\u00bb hover_enabled=\u00a0\u00bb0&Prime; sticky_enabled=\u00a0\u00bb0&Prime;]<\/p>\n<p>CGV<\/p>\n<p>Sylvie d\u2019Orsanne<br \/>Si\u00e8ge social\u00a0: 632 chemin des roustides-13150 Tarascon<br \/>Adresse du courrier \u00e9lectronique\u00a0: <a href=\"mailto:bonjour@sylviedorsanne.fr\">bonjour@sylviedorsanne.fr<\/a><\/p>\n<p>N\u00b0 siret\u00a0: 838 390\u00a0219 00015<\/p>\n<p>D\u00e9claration SAP\u00a0: n\u00b0SAP838390219<\/p>\n<p>&nbsp;<\/p>\n<p>Date de derni\u00e8re mise \u00e0 jour\u00a0: 03\/02\/2023<\/p>\n<p>&nbsp;<\/p>\n<p><strong>Article 1 \u2013 Loi applicable :<\/strong><\/p>\n<p>Le pr\u00e9sent contrat se r\u00e9f\u00e8re au droit fran\u00e7ais et, plus particuli\u00e8rement, \u00e0 la r\u00e9glementation de la vente \u00e0 distance et de la vente de service en cabinet.<\/p>\n<p><strong>ARTICLE 2 \u2013 CHAMP D\u2019APPLICATION :<\/strong><\/p>\n<p><strong>Sylvie d\u2019Orsanne<\/strong>\u00a0offre plusieurs prestations de suivi et d\u2019accompagnement \u00e0 distance et en cabinet, dans le domaine de la p\u00e9dagogie.<\/p>\n<p>&nbsp;<\/p>\n<p>Les pr\u00e9sentes conditions g\u00e9n\u00e9rales s\u2019appliquent \u00e0 l\u2019ensemble des produits commercialis\u00e9s et prestations de services fournies par\u00a0<strong>Sylvie d\u2019Orsanne. <\/strong>\u200bEn achetant et en utilisant les services offerts par\u00a0Sylvie d\u2019Orsanne, le client d\u00e9clare utiliser les services de\u00a0Sylvie d\u2019Orsanne, en accord avec le droit applicable et les conditions g\u00e9n\u00e9rales suivantes.<\/p>\n<p><strong>Merci de lire attentivement les conditions g\u00e9n\u00e9rales ci-apr\u00e8s.<\/strong><\/p>\n<p><strong>\u00a0<\/strong><\/p>\n<p><strong>Article 3 : Obligations du client<\/strong><\/p>\n<p><strong><br \/><\/strong>Le client s\u2019engage \u00e0 r\u00e9gler le montant des prestations. Tout \u00e9ventuel achat de mat\u00e9riel ou d\u2019ouvrage n\u00e9cessaires \u00e0 l\u2019accomplissement des prestations, objet du pr\u00e9sent contrat, seront \u00e0 la charge exclusive du client.<\/p>\n<p>Le client s\u2019engage \u00e0 ce que l\u2019\u00e9l\u00e8ve soit pr\u00e9sent \u00e0 chaque s\u00e9ance pr\u00e9vue. Toute s\u00e9ance r\u00e9serv\u00e9e est due, sauf en cas d&rsquo;annulation explicitement indiqu\u00e9e par t\u00e9l\u00e9phone ou mail dans un d\u00e9lai de 24 heures avant la date du dit rendez-vous.<\/p>\n<p><strong>\u00a0<\/strong><\/p>\n<p><strong>Article 4 : Conditions de r\u00e8glement<br \/><\/strong><br \/><u>En pr\u00e9sentiel,<\/u> les r\u00e8glements des accompagnements se feront \u00e0 chaque s\u00e9ance.<\/p>\n<p><u>Le paiement de la s\u00e9ance \u00e0 distance<\/u> se fait <strong>\u00e0 r\u00e9ception de la facture<\/strong> (d\u00e9lai l\u00e9gal\u00a0: 7 jours maximum). <br \/><u>Pour le paiement de formation \u00e0 distance<\/u>, il doit \u00eatre effectu\u00e9 <strong>selon le contrat<\/strong> sign\u00e9 au pr\u00e9alable.<br \/>Pour les accompagnements en ligne et les formations, le fait de valider votre commande implique pour vous l\u2019obligation de payer le prix indiqu\u00e9.<\/p>\n<p>Le r\u00e8glement de vos achats s\u2019effectue\u00a0:<\/p>\n<ul>\n<li>soit par carte bancaire gr\u00e2ce au syst\u00e8me s\u00e9curis\u00e9 Stripe ou Paypal en fonction des produits<\/li>\n<li>soit par virement<\/li>\n<li>soit en esp\u00e8ces (uniquement en pr\u00e9sentiel)\n<\/li>\n<\/ul>\n<p>&nbsp;<\/p>\n<p><strong>Article 5 \u2013 Droit applicable en cas de litiges<\/strong><\/p>\n<p>&nbsp;<\/p>\n<p>La langue du pr\u00e9sent contrat est la langue fran\u00e7aise. Les pr\u00e9sentes conditions de vente sont soumises \u00e0 la loi fran\u00e7aise. Tout litige qui pourrait appara\u00eetre vis-\u00e0-vis de l\u2019ex\u00e9cution des pr\u00e9sentes sera r\u00e9gl\u00e9 de fa\u00e7on privil\u00e9gi\u00e9e par une proc\u00e9dure amiable et \u00e0 d\u00e9faut sera soumis aux tribunaux fran\u00e7ais qui seront les seuls comp\u00e9tents.<\/p>\n<p>&nbsp;<\/p>\n<p><strong>Article 6 \u2013 Propri\u00e9t\u00e9 intellectuelle<\/strong><\/p>\n<p>Tous les \u00e9l\u00e9ments du site www.sylviedorsanne.fr sont et restent la propri\u00e9t\u00e9 intellectuelle et exclusive de Sylvie d\u2019Orsanne. Nul n\u2019est autoris\u00e9 \u00e0 reproduire, exploiter, rediffuser, ou utiliser \u00e0 quelque titre que ce soit, m\u00eame partiellement, des \u00e9l\u00e9ments du site qu\u2019ils soient logiciels, visuels ou sonores. Tout lien simple ou par hypertexte est strictement interdit sans un accord \u00e9crit expr\u00e8s de Sylvie d\u2019Orsanne<\/p>\n<p>&nbsp;<\/p>\n<p><strong>Article 7 \u2013 Donn\u00e9es personnelles<\/strong><\/p>\n<p>Sylvie d\u2019Orsanne se r\u00e9serve le droit de collecter les informations nominatives et les donn\u00e9es personnelles vous concernant. Elles sont n\u00e9cessaires \u00e0 la gestion de votre commande, ainsi qu\u2019\u00e0 l\u2019am\u00e9lioration des services et des informations que nous vous adressons.<\/p>\n<p>Elles peuvent aussi \u00eatre transmises aux soci\u00e9t\u00e9s qui contribuent \u00e0 ces relations, telles que celles charg\u00e9es de l\u2019ex\u00e9cution des services et commandes pour leur gestion, ex\u00e9cution, traitement et paiement.<\/p>\n<p>Ces informations et donn\u00e9es sont \u00e9galement conserv\u00e9es \u00e0 des fins de s\u00e9curit\u00e9, afin de respecter les obligations l\u00e9gales et r\u00e9glementaires.<\/p>\n<p>Conform\u00e9ment \u00e0 la loi du 6 janvier 1978, vous disposez d\u2019un droit d\u2019acc\u00e8s, de rectification et d\u2019opposition aux informations nominatives et aux donn\u00e9es personnelles vous concernant, directement sur le site Internet.<\/p>\n<p>&nbsp;<\/p>\n<p>&nbsp;<\/p>\n<p><strong>ARTICLE 8 \u2013 CONDITIONS DE R\u00c9SILIATION ET DE RETRACTATION :<\/strong><\/p>\n<p><strong><br \/><\/strong>Toute s\u00e9ance r\u00e9serv\u00e9e est due, sauf en cas d&rsquo;annulation explicitement indiqu\u00e9e par t\u00e9l\u00e9phone ou mail dans un d\u00e9lai de 24 heures avant la date du dit rendez-vous.<\/p>\n<p><strong>\u00a0<\/strong><\/p>\n<p><strong>DROIT DE R\u00c9TRACTATION<\/strong>. Si l\u2019acheteur\/le client d\u00e9cide de revenir sur sa commande pour quelle que raison que ce soit, il dispose d\u2019un d\u00e9lai de r\u00e9tractation de 14 jours \u00e0 compter de la validation de sa commande, sauf s\u2019il a d\u00e9j\u00e0 b\u00e9n\u00e9fici\u00e9 d&rsquo;une partie ou de l\u2019int\u00e9gralit\u00e9 du service achet\u00e9. Dans ce cas, aucun remboursement ne pourra \u00eatre effectu\u00e9. Pass\u00e9 ce d\u00e9lai de 14 jours, toute prestation\/commande est due.<br \/>Toute r\u00e9siliation par l\u2019une ou l\u2019autre des parties devra intervenir par lettre recommand\u00e9e avec accus\u00e9 de r\u00e9ception avec un pr\u00e9avis de quinze (15) jours. En cas de r\u00e9siliation par le client, la partie des travaux d\u00e9j\u00e0 r\u00e9alis\u00e9e devra \u00eatre r\u00e9gl\u00e9e, sans d\u00e9lai.<\/p>\n<p><strong>ARTICLE 9 \u2013 LIENS :<\/strong><\/p>\n<p><strong><br \/><\/strong><strong>9.1 Sylvie d\u2019Orsanne,\u00a0<\/strong>ou un tiers, peuvent \u00e9tablir un lien avec d\u2019autres sites ou sources.<\/p>\n<p><strong>9.2 \u00a0Sylvie d\u2019Orsanne<\/strong> ne dispose d\u2019aucun moyen pour contr\u00f4ler ces sites et ces sources, et ne r\u00e9pond pas de la disponibilit\u00e9 de tels sites et sources externes ni ne la garantit.\u00a0<strong>Sylvie d\u2019Orsanne<\/strong> ne s\u2019approprie pas les contenus auxquels ces sites ou sources donnent acc\u00e8s, et exclut toute responsabilit\u00e9 et garantie en ce qui concerne ces contenus. Si toutefois, dans les pages du site\u00a0<strong>www.sylviedorsanne.fr<\/strong>\u00a0se trouve un lien avec une page externe dans laquelle des contenus illicites venaient \u00e0 \u00eatre diffus\u00e9s par un tiers,\u00a0<strong>Sylvie d\u2019Orsanne\u00a0<\/strong>effacera, apr\u00e8s avoir \u00e9t\u00e9 inform\u00e9 desdits contenus, le lien avec cette page.<\/p>\n<p>&nbsp;<\/p>\n<p>&nbsp;<\/p>\n<p>[\/et_pb_text][\/et_pb_column][\/et_pb_row][\/et_pb_section]<\/p>\n","protected":false},"excerpt":{"rendered":"<p>CGV Sylvie d\u2019OrsanneSi\u00e8ge social\u00a0: 632 chemin des roustides-13150 TarasconAdresse du courrier \u00e9lectronique\u00a0: bonjour@sylviedorsanne.fr N\u00b0 siret\u00a0: 838 390\u00a0219 00015 D\u00e9claration SAP\u00a0: n\u00b0SAP838390219 &nbsp; Date de derni\u00e8re mise \u00e0 jour\u00a0: 03\/02\/2023 &nbsp; Article 1 \u2013 Loi applicable : Le pr\u00e9sent contrat se r\u00e9f\u00e8re au droit fran\u00e7ais et, plus particuli\u00e8rement, \u00e0 la r\u00e9glementation de la vente \u00e0 distance [&hellip;]<\/p>\n","protected":false},"author":2,"featured_media":0,"parent":0,"menu_order":0,"comment_status":"closed","ping_status":"closed","template":"","meta":{"_et_pb_use_builder":"on","_et_pb_old_content":"","_et_gb_content_width":""},"yoast_head":"<!-- This site is optimized with the Yoast SEO plugin v20.5 - https:\/\/yoast.com\/wordpress\/plugins\/seo\/ -->\n<title>CGV - sylvie dorsanne<\/title>\n<meta name=\"robots\" content=\"index, follow, max-snippet:-1, max-image-preview:large, max-video-preview:-1\" \/>\n<link rel=\"canonical\" href=\"https:\/\/sylviedorsanne.fr\/index.php\/cgv\/\" \/>\n<meta property=\"og:locale\" content=\"fr_FR\" \/>\n<meta property=\"og:type\" content=\"article\" \/>\n<meta property=\"og:title\" content=\"CGV - sylvie dorsanne\" \/>\n<meta property=\"og:description\" content=\"CGV Sylvie d\u2019OrsanneSi\u00e8ge social\u00a0: 632 chemin des roustides-13150 TarasconAdresse du courrier \u00e9lectronique\u00a0: bonjour@sylviedorsanne.fr N\u00b0 siret\u00a0: 838 390\u00a0219 00015 D\u00e9claration SAP\u00a0: n\u00b0SAP838390219 &nbsp; Date de derni\u00e8re mise \u00e0 jour\u00a0: 03\/02\/2023 &nbsp; Article 1 \u2013 Loi applicable : Le pr\u00e9sent contrat se r\u00e9f\u00e8re au droit fran\u00e7ais et, plus particuli\u00e8rement, \u00e0 la r\u00e9glementation de la vente \u00e0 distance [&hellip;]\" \/>\n<meta property=\"og:url\" content=\"https:\/\/sylviedorsanne.fr\/index.php\/cgv\/\" \/>\n<meta property=\"og:site_name\" content=\"sylvie dorsanne\" \/>\n<meta property=\"article:modified_time\" content=\"2023-02-03T12:31:40+00:00\" \/>\n<meta name=\"twitter:card\" content=\"summary_large_image\" \/>\n<meta name=\"twitter:label1\" content=\"Dur\u00e9e de lecture estim\u00e9e\" \/>\n\t<meta name=\"twitter:data1\" content=\"5 minutes\" \/>\n<script type=\"application\/ld+json\" class=\"yoast-schema-graph\">{\"@context\":\"https:\/\/schema.org\",\"@graph\":[{\"@type\":\"WebPage\",\"@id\":\"https:\/\/sylviedorsanne.fr\/index.php\/cgv\/\",\"url\":\"https:\/\/sylviedorsanne.fr\/index.php\/cgv\/\",\"name\":\"CGV - sylvie dorsanne\",\"isPartOf\":{\"@id\":\"https:\/\/sylviedorsanne.fr\/#website\"},\"datePublished\":\"2020-09-22T08:55:13+00:00\",\"dateModified\":\"2023-02-03T12:31:40+00:00\",\"breadcrumb\":{\"@id\":\"https:\/\/sylviedorsanne.fr\/index.php\/cgv\/#breadcrumb\"},\"inLanguage\":\"fr-FR\",\"potentialAction\":[{\"@type\":\"ReadAction\",\"target\":[\"https:\/\/sylviedorsanne.fr\/index.php\/cgv\/\"]}]},{\"@type\":\"BreadcrumbList\",\"@id\":\"https:\/\/sylviedorsanne.fr\/index.php\/cgv\/#breadcrumb\",\"itemListElement\":[{\"@type\":\"ListItem\",\"position\":1,\"name\":\"Accueil\",\"item\":\"https:\/\/sylviedorsanne.fr\/\"},{\"@type\":\"ListItem\",\"position\":2,\"name\":\"CGV\"}]},{\"@type\":\"WebSite\",\"@id\":\"https:\/\/sylviedorsanne.fr\/#website\",\"url\":\"https:\/\/sylviedorsanne.fr\/\",\"name\":\"sylvie dorsanne\",\"description\":\"Accompagnement p\u00e9dagogique dys TDAH\",\"publisher\":{\"@id\":\"https:\/\/sylviedorsanne.fr\/#\/schema\/person\/f01c4f21dbfabeb774e55eb6bbeaa0fd\"},\"potentialAction\":[{\"@type\":\"SearchAction\",\"target\":{\"@type\":\"EntryPoint\",\"urlTemplate\":\"https:\/\/sylviedorsanne.fr\/?s={search_term_string}\"},\"query-input\":\"required name=search_term_string\"}],\"inLanguage\":\"fr-FR\"},{\"@type\":[\"Person\",\"Organization\"],\"@id\":\"https:\/\/sylviedorsanne.fr\/#\/schema\/person\/f01c4f21dbfabeb774e55eb6bbeaa0fd\",\"name\":\"Sylvie Dorsanne\",\"image\":{\"@type\":\"ImageObject\",\"inLanguage\":\"fr-FR\",\"@id\":\"https:\/\/sylviedorsanne.fr\/#\/schema\/person\/image\/\",\"url\":\"https:\/\/sylviedorsanne.fr\/wp-content\/uploads\/2023\/04\/Sylvie-dOrsanne.png\",\"contentUrl\":\"https:\/\/sylviedorsanne.fr\/wp-content\/uploads\/2023\/04\/Sylvie-dOrsanne.png\",\"width\":1500,\"height\":1500,\"caption\":\"Sylvie Dorsanne\"},\"logo\":{\"@id\":\"https:\/\/sylviedorsanne.fr\/#\/schema\/person\/image\/\"},\"sameAs\":[\"https:\/\/sylviedorsanne.fr\"]}]}<\/script>\n<!-- \/ Yoast SEO plugin. -->","yoast_head_json":{"title":"CGV - sylvie dorsanne","robots":{"index":"index","follow":"follow","max-snippet":"max-snippet:-1","max-image-preview":"max-image-preview:large","max-video-preview":"max-video-preview:-1"},"canonical":"https:\/\/sylviedorsanne.fr\/index.php\/cgv\/","og_locale":"fr_FR","og_type":"article","og_title":"CGV - sylvie dorsanne","og_description":"CGV Sylvie d\u2019OrsanneSi\u00e8ge social\u00a0: 632 chemin des roustides-13150 TarasconAdresse du courrier \u00e9lectronique\u00a0: bonjour@sylviedorsanne.fr N\u00b0 siret\u00a0: 838 390\u00a0219 00015 D\u00e9claration SAP\u00a0: n\u00b0SAP838390219 &nbsp; Date de derni\u00e8re mise \u00e0 jour\u00a0: 03\/02\/2023 &nbsp; Article 1 \u2013 Loi applicable : Le pr\u00e9sent contrat se r\u00e9f\u00e8re au droit fran\u00e7ais et, plus particuli\u00e8rement, \u00e0 la r\u00e9glementation de la vente \u00e0 distance [&hellip;]","og_url":"https:\/\/sylviedorsanne.fr\/index.php\/cgv\/","og_site_name":"sylvie dorsanne","article_modified_time":"2023-02-03T12:31:40+00:00","twitter_card":"summary_large_image","twitter_misc":{"Dur\u00e9e de lecture estim\u00e9e":"5 minutes"},"schema":{"@context":"https:\/\/schema.org","@graph":[{"@type":"WebPage","@id":"https:\/\/sylviedorsanne.fr\/index.php\/cgv\/","url":"https:\/\/sylviedorsanne.fr\/index.php\/cgv\/","name":"CGV - sylvie dorsanne","isPartOf":{"@id":"https:\/\/sylviedorsanne.fr\/#website"},"datePublished":"2020-09-22T08:55:13+00:00","dateModified":"2023-02-03T12:31:40+00:00","breadcrumb":{"@id":"https:\/\/sylviedorsanne.fr\/index.php\/cgv\/#breadcrumb"},"inLanguage":"fr-FR","potentialAction":[{"@type":"ReadAction","target":["https:\/\/sylviedorsanne.fr\/index.php\/cgv\/"]}]},{"@type":"BreadcrumbList","@id":"https:\/\/sylviedorsanne.fr\/index.php\/cgv\/#breadcrumb","itemListElement":[{"@type":"ListItem","position":1,"name":"Accueil","item":"https:\/\/sylviedorsanne.fr\/"},{"@type":"ListItem","position":2,"name":"CGV"}]},{"@type":"WebSite","@id":"https:\/\/sylviedorsanne.fr\/#website","url":"https:\/\/sylviedorsanne.fr\/","name":"sylvie dorsanne","description":"Accompagnement p\u00e9dagogique dys TDAH","publisher":{"@id":"https:\/\/sylviedorsanne.fr\/#\/schema\/person\/f01c4f21dbfabeb774e55eb6bbeaa0fd"},"potentialAction":[{"@type":"SearchAction","target":{"@type":"EntryPoint","urlTemplate":"https:\/\/sylviedorsanne.fr\/?s={search_term_string}"},"query-input":"required name=search_term_string"}],"inLanguage":"fr-FR"},{"@type":["Person","Organization"],"@id":"https:\/\/sylviedorsanne.fr\/#\/schema\/person\/f01c4f21dbfabeb774e55eb6bbeaa0fd","name":"Sylvie Dorsanne","image":{"@type":"ImageObject","inLanguage":"fr-FR","@id":"https:\/\/sylviedorsanne.fr\/#\/schema\/person\/image\/","url":"https:\/\/sylviedorsanne.fr\/wp-content\/uploads\/2023\/04\/Sylvie-dOrsanne.png","contentUrl":"https:\/\/sylviedorsanne.fr\/wp-content\/uploads\/2023\/04\/Sylvie-dOrsanne.png","width":1500,"height":1500,"caption":"Sylvie Dorsanne"},"logo":{"@id":"https:\/\/sylviedorsanne.fr\/#\/schema\/person\/image\/"},"sameAs":["https:\/\/sylviedorsanne.fr"]}]}},"_links":{"self":[{"href":"https:\/\/sylviedorsanne.fr\/index.php\/wp-json\/wp\/v2\/pages\/83"}],"collection":[{"href":"https:\/\/sylviedorsanne.fr\/index.php\/wp-json\/wp\/v2\/pages"}],"about":[{"href":"https:\/\/sylviedorsanne.fr\/index.php\/wp-json\/wp\/v2\/types\/page"}],"author":[{"embeddable":true,"href":"https:\/\/sylviedorsanne.fr\/index.php\/wp-json\/wp\/v2\/users\/2"}],"replies":[{"embeddable":true,"href":"https:\/\/sylviedorsanne.fr\/index.php\/wp-json\/wp\/v2\/comments?post=83"}],"version-history":[{"count":6,"href":"https:\/\/sylviedorsanne.fr\/index.php\/wp-json\/wp\/v2\/pages\/83\/revisions"}],"predecessor-version":[{"id":1061,"href":"https:\/\/sylviedorsanne.fr\/index.php\/wp-json\/wp\/v2\/pages\/83\/revisions\/1061"}],"wp:attachment":[{"href":"https:\/\/sylviedorsanne.fr\/index.php\/wp-json\/wp\/v2\/media?parent=83"}],"curies":[{"name":"wp","href":"https:\/\/api.w.org\/{rel}","templated":true}]}}